{"id":64,"date":"2024-01-07T13:43:56","date_gmt":"2024-01-07T13:43:56","guid":{"rendered":"https:\/\/www.salofilmi.fi\/?page_id=64"},"modified":"2024-01-07T13:47:22","modified_gmt":"2024-01-07T13:47:22","slug":"tarjouspyynto-yhteydenotto","status":"publish","type":"page","link":"https:\/\/www.salofilmi.fi\/index.php\/tarjouspyynto-yhteydenotto\/","title":{"rendered":"Tarjouspyynt\u00f6\/Yhteydenotto"},"content":{"rendered":"<p><div class=\"forminator-ui forminator-custom-form forminator-custom-form-63 forminator-design--default  forminator_ajax\" data-forminator-render=\"0\" data-form=\"forminator-module-63\" data-uid=\"69fc7aa1ac448\"><br\/><\/div><form\n\t\t\t\tid=\"forminator-module-63\"\n\t\t\t\tclass=\"forminator-ui forminator-custom-form forminator-custom-form-63 forminator-design--default  forminator_ajax\"\n\t\t\t\tmethod=\"post\"\n\t\t\t\tdata-forminator-render=\"0\"\n\t\t\t\tdata-form-id=\"63\"\n\t\t\t\t data-color-option=\"default\" data-design=\"default\" data-grid=\"open\" style=\"display: none;\"\n\t\t\t\tdata-uid=\"69fc7aa1ac448\"\n\t\t\t><div role=\"alert\" aria-live=\"polite\" class=\"forminator-response-message forminator-error\" aria-hidden=\"true\"><\/div><div class=\"forminator-row\"><div id=\"name-1\" class=\"forminator-field-name forminator-col forminator-col-12 \"><div class=\"forminator-field\"><label for=\"forminator-field-name-1_69fc7aa1ac448\" id=\"forminator-field-name-1_69fc7aa1ac448-label\" class=\"forminator-label\">Nimi <span class=\"forminator-required\">*<\/span><\/label><input type=\"text\" name=\"name-1\" value=\"\" placeholder=\"\" id=\"forminator-field-name-1_69fc7aa1ac448\" class=\"forminator-input forminator-name--field\" aria-required=\"true\" autocomplete=\"name\" aria-describedby=\"forminator-field-name-1_69fc7aa1ac448-description\" \/><span id=\"forminator-field-name-1_69fc7aa1ac448-description\" class=\"forminator-description\">Kirjoita nimesi<\/span><\/div><\/div><\/div><div class=\"forminator-row\"><div id=\"email-1\" class=\"forminator-field-email forminator-col forminator-col-12 \"><div class=\"forminator-field\"><label for=\"forminator-field-email-1_69fc7aa1ac448\" id=\"forminator-field-email-1_69fc7aa1ac448-label\" class=\"forminator-label\">S\u00e4hk\u00f6postiosoitteesi <span class=\"forminator-required\">*<\/span><\/label><input type=\"email\" name=\"email-1\" value=\"\" placeholder=\"\" id=\"forminator-field-email-1_69fc7aa1ac448\" class=\"forminator-input forminator-email--field\" data-required=\"true\" aria-required=\"true\" autocomplete=\"email\" aria-describedby=\"forminator-field-email-1_69fc7aa1ac448-description\" \/><span id=\"forminator-field-email-1_69fc7aa1ac448-description\" class=\"forminator-description\">Kirjoita s\u00e4hk\u00f6postiosoitteesi<\/span><\/div><\/div><\/div><div class=\"forminator-row\"><div id=\"address-1\" class=\"forminator-field-address forminator-col forminator-col-12 \"><div class=\"forminator-row\"><div id=\"address-1-street_address\" class=\"forminator-col\"><div class=\"forminator-field\"><label for=\"forminator-field-address-1-street_address_69fc7aa1ac448\" id=\"forminator-field-address-1-street_address_69fc7aa1ac448-label\" class=\"forminator-label\">L\u00e4hiosoite<\/label><input type=\"text\" name=\"address-1-street_address\" placeholder=\"\" id=\"forminator-field-address-1-street_address_69fc7aa1ac448\" class=\"forminator-input\" data-required=\"\" aria-required=\"false\" autocomplete=\"address-line1\" value=\"\" \/><\/div><\/div><\/div><div class=\"forminator-row\" data-multiple=\"false\"><div id=\"address-1-city\" class=\"forminator-col forminator-col-12\"><div class=\"forminator-field\"><label for=\"forminator-field-address-1-city_69fc7aa1ac448\" id=\"forminator-field-address-1-city_69fc7aa1ac448-label\" class=\"forminator-label\">Postitoimipaikka<\/label><input type=\"text\" name=\"address-1-city\" placeholder=\"\" id=\"forminator-field-address-1-city_69fc7aa1ac448\" class=\"forminator-input\" data-required=\"\" aria-required=\"false\" autocomplete=\"address-level2\" value=\"\" \/><\/div><\/div><\/div><div class=\"forminator-row\" data-multiple=\"false\"><div id=\"address-1-zip\" class=\"forminator-col forminator-col-12\"><div class=\"forminator-field\"><label for=\"forminator-field-address-1-zip_69fc7aa1ac448\" id=\"forminator-field-address-1-zip_69fc7aa1ac448-label\" class=\"forminator-label\">Postinumero<\/label><input type=\"text\" name=\"address-1-zip\" placeholder=\"\" id=\"forminator-field-address-1-zip_69fc7aa1ac448\" class=\"forminator-input\" autocomplete=\"postal-code\" value=\"\" \/><\/div><\/div><\/div><\/div><\/div><div class=\"forminator-row\"><div id=\"phone-1\" class=\"forminator-field-phone forminator-col forminator-col-12 \"><div class=\"forminator-field\"><label for=\"forminator-field-phone-1_69fc7aa1ac448\" id=\"forminator-field-phone-1_69fc7aa1ac448-label\" class=\"forminator-label\">Puh nro<\/label><input type=\"text\" name=\"phone-1\" value=\"\" placeholder=\"\" id=\"forminator-field-phone-1_69fc7aa1ac448\" class=\"forminator-input forminator-field--phone\" data-required=\"\" aria-required=\"false\" autocomplete=\"off\" aria-describedby=\"forminator-field-phone-1_69fc7aa1ac448-description\" \/><span id=\"forminator-field-phone-1_69fc7aa1ac448-description\" class=\"forminator-description\" id=\"forminator-field-phone-1_69fc7aa1ac448-description\">Kirjoita puh numerosi<\/span><\/div><\/div><\/div><div class=\"forminator-row\"><div id=\"textarea-1\" class=\"forminator-field-textarea forminator-col forminator-col-12 \"><div class=\"forminator-field\"><label for=\"forminator-field-textarea-1_69fc7aa1ac448\" id=\"forminator-field-textarea-1_69fc7aa1ac448-label\" class=\"forminator-label\">Viestisi <span class=\"forminator-required\">*<\/span><\/label><textarea name=\"textarea-1\" placeholder=\"\" id=\"forminator-field-textarea-1_69fc7aa1ac448\" class=\"forminator-textarea\" rows=\"6\" style=\"--forminator-textarea-min-height:140px;\" maxlength=\"180\" ><\/textarea><span id=\"forminator-field-textarea-1_69fc7aa1ac448-description\" class=\"forminator-description\"><span data-limit=\"180\" data-type=\"characters\" data-editor=\"\">0 \/ 180<\/span><\/span><\/div><\/div><\/div><div class=\"forminator-row\"><div id=\"checkbox-1\" class=\"forminator-field-checkbox forminator-col forminator-col-12 \"><div role=\"group\" class=\"forminator-field required\" aria-labelledby=\"forminator-checkbox-group-forminator-field-checkbox-1-69fc7aa1ac448-label\"><span id=\"forminator-checkbox-group-forminator-field-checkbox-1-69fc7aa1ac448-label\" class=\"forminator-label\">Tietosuoja <span class=\"forminator-required\">*<\/span><\/span><label id=\"forminator-field-checkbox-1-1-69fc7aa1ac448-label\" for=\"forminator-field-checkbox-1-1-69fc7aa1ac448\" class=\"forminator-checkbox\" title=\"Olen lukenut tietosuojak\u00e4yt\u00e4nn\u00f6n ja hyv\u00e4ksyn sen.\"><input type=\"checkbox\" name=\"checkbox-1[]\" value=\"one\" id=\"forminator-field-checkbox-1-1-69fc7aa1ac448\" aria-labelledby=\"forminator-field-checkbox-1-1-69fc7aa1ac448-label\" data-calculation=\"0\"   data-hidden-behavior=\"zero\"\/><span class=\"forminator-checkbox-box\" aria-hidden=\"true\"><\/span><span class=\"forminator-checkbox-label\">Olen lukenut tietosuojak\u00e4yt\u00e4nn\u00f6n ja hyv\u00e4ksyn sen.<\/span><\/label><\/div><\/div><\/div><input type=\"hidden\" name=\"referer_url\" value=\"\" \/><div class=\"forminator-row forminator-row-last\"><div class=\"forminator-col\"><div class=\"forminator-field\"><button class=\"forminator-button forminator-button-submit\">Send Message<\/button><\/div><\/div><\/div><input type=\"hidden\" id=\"forminator_nonce\" name=\"forminator_nonce\" value=\"3f19221b59\" \/><input type=\"hidden\" name=\"_wp_http_referer\" value=\"\/index.php\/wp-json\/wp\/v2\/pages\/64\" \/><input type=\"hidden\" name=\"form_id\" value=\"63\"><input type=\"hidden\" name=\"page_id\" value=\"64\"><input type=\"hidden\" name=\"form_type\" value=\"default\"><input type=\"hidden\" name=\"current_url\" value=\"https:\/\/www.salofilmi.fi\/index.php\/tarjouspyynto-yhteydenotto\/\"><input type=\"hidden\" name=\"render_id\" value=\"0\"><input type=\"hidden\" name=\"action\" value=\"forminator_submit_form_custom-forms\"><\/form><\/p>\n","protected":false},"excerpt":{"rendered":"","protected":false},"author":1,"featured_media":0,"parent":0,"menu_order":0,"comment_status":"closed","ping_status":"closed","template":"","meta":{"footnotes":""},"class_list":["post-64","page","type-page","status-publish","hentry"],"jetpack_sharing_enabled":true,"_links":{"self":[{"href":"https:\/\/www.salofilmi.fi\/index.php\/wp-json\/wp\/v2\/pages\/64","targetHints":{"allow":["GET"]}}],"collection":[{"href":"https:\/\/www.salofilmi.fi\/index.php\/wp-json\/wp\/v2\/pages"}],"about":[{"href":"https:\/\/www.salofilmi.fi\/index.php\/wp-json\/wp\/v2\/types\/page"}],"author":[{"embeddable":true,"href":"https:\/\/www.salofilmi.fi\/index.php\/wp-json\/wp\/v2\/users\/1"}],"replies":[{"embeddable":true,"href":"https:\/\/www.salofilmi.fi\/index.php\/wp-json\/wp\/v2\/comments?post=64"}],"version-history":[{"count":2,"href":"https:\/\/www.salofilmi.fi\/index.php\/wp-json\/wp\/v2\/pages\/64\/revisions"}],"predecessor-version":[{"id":69,"href":"https:\/\/www.salofilmi.fi\/index.php\/wp-json\/wp\/v2\/pages\/64\/revisions\/69"}],"wp:attachment":[{"href":"https:\/\/www.salofilmi.fi\/index.php\/wp-json\/wp\/v2\/media?parent=64"}],"curies":[{"name":"wp","href":"https:\/\/api.w.org\/{rel}","templated":true}]}}