{"id":54,"date":"2024-01-07T12:46:44","date_gmt":"2024-01-07T12:46:44","guid":{"rendered":"https:\/\/www.salofilmi.fi\/?page_id=54"},"modified":"2024-03-01T11:58:18","modified_gmt":"2024-03-01T11:58:18","slug":"videotuotanoon-tekeminen","status":"publish","type":"page","link":"https:\/\/www.salofilmi.fi\/index.php\/videotuotanoon-tekeminen\/","title":{"rendered":"Videotuotannon tekeminen"},"content":{"rendered":"\n<p><\/p>\n\n\n\n<h2 class=\"wp-block-heading\">Videotuotannon peruskaava<\/h2>\n\n\n\n<p>Videotuotannossa on monia eri vaiheita, mutta t\u00e4ss\u00e4 on yksinkertainen peruskaava, jota usein noudatetaan:<\/p>\n\n\n\n<ol class=\"wp-block-list\">\n<li><strong>Suunnittelu:<\/strong> Ennen kuin kameraa edes k\u00e4ynnistet\u00e4\u00e4n, on t\u00e4rke\u00e4\u00e4 suunnitella ja m\u00e4\u00e4ritell\u00e4 projektin tavoitteet, kohdeyleis\u00f6, viestin ydin ja budjetti. T\u00e4m\u00e4 vaihe sis\u00e4lt\u00e4\u00e4 my\u00f6s k\u00e4sikirjoituksen luomisen ja tarvittavien resurssien, kuten kuvauspaikkojen ja n\u00e4yttelij\u00f6iden, j\u00e4rjest\u00e4misen.<\/li>\n\n\n\n<li><strong>Kuvaus:<\/strong> Kun suunnitelma on valmis, siirryt\u00e4\u00e4n kuvausvaiheeseen. T\u00e4ss\u00e4 vaiheessa materiaali kuvataan ja tallennetaan kameraan. Kuvaus voi tapahtua studiolla, ulkona tai miss\u00e4 tahansa muualla, riippuen projektin tarpeista ja tavoitteista.<\/li>\n\n\n\n<li><strong>Editointi:<\/strong> Kun kuvaus on valmis, aletaan ty\u00f6st\u00e4\u00e4 kuvattua materiaalia editointiohjelmalla. T\u00e4ss\u00e4 vaiheessa leikataan, j\u00e4rjestell\u00e4\u00e4n ja muokataan materiaalia halutun lopputuloksen saavuttamiseksi. Lis\u00e4ksi t\u00e4h\u00e4n vaiheeseen kuuluu \u00e4\u00e4nen ja musiikin lis\u00e4\u00e4minen sek\u00e4 mahdollisten grafiikoiden ja erikoistehosteiden luominen.<\/li>\n\n\n\n<li><strong>J\u00e4lkituotanto:<\/strong> Kun editointi on valmis, siirryt\u00e4\u00e4n j\u00e4lkituotantoon. T\u00e4ss\u00e4 vaiheessa tarkistetaan ja hienos\u00e4\u00e4det\u00e4\u00e4n editoitu materiaali varmistaen, ett\u00e4 se vastaa alkuper\u00e4ist\u00e4 visiota ja tavoitteita. Lis\u00e4ksi t\u00e4ss\u00e4 vaiheessa voi tehd\u00e4 viimeiset v\u00e4rin korjaukset ja \u00e4\u00e4nimiksaus.<\/li>\n\n\n\n<li><strong>Jakelu:<\/strong> Viimeinen vaihe on valmiin videon jakelu ja markkinointi. Videota voidaan jakaa eri alustoilla, kuten YouTube, Vimeo, Facebook, Instagram jne., tai sit\u00e4 voidaan k\u00e4ytt\u00e4\u00e4 yrityksen verkkosivuilla tai esittelytilaisuuksissa. On t\u00e4rke\u00e4\u00e4 ottaa huomioon my\u00f6s videotiedoston formaatti ja koko sopivuus eri jakeluun k\u00e4ytett\u00e4ville alustoille.<\/li>\n<\/ol>\n\n\n\n<p>T\u00e4m\u00e4 peruskaava kuvaa yleist\u00e4 prosessia videon tuottamisessa, mutta on t\u00e4rke\u00e4\u00e4 huomata, ett\u00e4 jokainen projekti on ainutlaatuinen ja voi vaatia erilaisia l\u00e4hestymistapoja ja vaiheita riippuen sen luonteesta ja tavoitteista.<\/p>\n","protected":false},"excerpt":{"rendered":"<p>Videotuotannon peruskaava Videotuotannossa on monia eri vaiheita, mutta t\u00e4ss\u00e4 on yksinkertainen peruskaava, jota usein noudatetaan: T\u00e4m\u00e4 peruskaava kuvaa yleist\u00e4 prosessia videon tuottamisessa, mutta on t\u00e4rke\u00e4\u00e4 [&hellip;]<\/p>\n","protected":false},"author":1,"featured_media":0,"parent":0,"menu_order":0,"comment_status":"closed","ping_status":"closed","template":"","meta":{"footnotes":""},"class_list":["post-54","page","type-page","status-publish","hentry"],"jetpack_sharing_enabled":true,"_links":{"self":[{"href":"https:\/\/www.salofilmi.fi\/index.php\/wp-json\/wp\/v2\/pages\/54","targetHints":{"allow":["GET"]}}],"collection":[{"href":"https:\/\/www.salofilmi.fi\/index.php\/wp-json\/wp\/v2\/pages"}],"about":[{"href":"https:\/\/www.salofilmi.fi\/index.php\/wp-json\/wp\/v2\/types\/page"}],"author":[{"embeddable":true,"href":"https:\/\/www.salofilmi.fi\/index.php\/wp-json\/wp\/v2\/users\/1"}],"replies":[{"embeddable":true,"href":"https:\/\/www.salofilmi.fi\/index.php\/wp-json\/wp\/v2\/comments?post=54"}],"version-history":[{"count":3,"href":"https:\/\/www.salofilmi.fi\/index.php\/wp-json\/wp\/v2\/pages\/54\/revisions"}],"predecessor-version":[{"id":90,"href":"https:\/\/www.salofilmi.fi\/index.php\/wp-json\/wp\/v2\/pages\/54\/revisions\/90"}],"wp:attachment":[{"href":"https:\/\/www.salofilmi.fi\/index.php\/wp-json\/wp\/v2\/media?parent=54"}],"curies":[{"name":"wp","href":"https:\/\/api.w.org\/{rel}","templated":true}]}}