{"id":3,"date":"2023-12-06T10:33:21","date_gmt":"2023-12-06T10:33:21","guid":{"rendered":"https:\/\/www.salofilmi.fi\/?page_id=3"},"modified":"2024-01-07T14:13:21","modified_gmt":"2024-01-07T14:13:21","slug":"privacy-policy","status":"publish","type":"page","link":"https:\/\/www.salofilmi.fi\/index.php\/privacy-policy\/","title":{"rendered":"Tietosuojaseloste"},"content":{"rendered":"\n<h2 class=\"wp-block-heading\">Salofilmi<\/h2>\n\n\n\n<p>T\u00e4m\u00e4n sivun verkko-osoite on: https:\/\/www.salofilmi.fi.<\/p>\n\n\n\n<p>1.Yleistietoa<\/p>\n\n\n\n<p>1.1 Mit\u00e4 ovat henkil\u00f6kohtaiset tiedot?<\/p>\n\n\n\n<p>Henkil\u00f6kohtaiset tiedot ovat tietoja, jotka paljastavat k\u00e4ytt\u00e4j\u00e4n identiteetin tai voivat paljastaa sen. Noudatamme periaatetta t\u00e4llaisten tietojen v\u00e4ltt\u00e4miseksi. Mahdollisuuksien mukaan pyrimme v\u00e4ltt\u00e4m\u00e4\u00e4n henkil\u00f6tietojen ker\u00e4\u00e4mist\u00e4<\/p>\n\n\n\n<p>1.2 Henkil\u00f6tietojen k\u00e4sittely<\/p>\n\n\n\n<p>Henkil\u00f6tietoja k\u00e4ytet\u00e4\u00e4n vain sopimuksen luomiseen, sopimuksen sis\u00e4ll\u00f6n toteuttamiseen tai sopimusluonteisen suhteen toteuttamiseen (Art. 6 I S. 1 b GDPR). Muulloin henkil\u00f6tietoja k\u00e4ytet\u00e4\u00e4n vain, jos olemme saaneet suostumuksenne (6 \u00a7: n 1 a GDPR). Tietoja ei luovuteta kolmansille osapuolille. Ainoastaan sopimuksen t\u00e4ytt\u00e4miseksi tiedot jaetaan toimituksesta vastaavan kuljetusyhti\u00f6n kanssa silt\u00e4 osin kuin se on v\u00e4ltt\u00e4m\u00e4t\u00f6nt\u00e4 tilattujen tavaroiden toimittamiseksi. Maksujen k\u00e4sittelemiseksi tarvittavat maksutiedot toimitetaan luottolaitokselle ja tarvittaessa valtuutetulle ja valituille maksupalveluntarjoajille. Henkil\u00f6tietojenne k\u00e4sittely tapahtuu yksinomaan EU: n alueella, ellei toisin mainita.<\/p>\n\n\n\n<p>1.3 K\u00e4ytt\u00f6tiedot<\/p>\n\n\n\n<p>Kun vierailet verkkosivuilla, ker\u00e4t\u00e4\u00e4n yleisi\u00e4 teknisi\u00e4 tietoja. N\u00e4m\u00e4 ovat k\u00e4ytetty IP-osoite, kellonaika, vierailun kesto, selaintyyppi ja tarvittaessa alkuper\u00e4inen sivu josta olette tulleet. N\u00e4m\u00e4 k\u00e4ytt\u00f6tiedot tallennetaan lokitiedostoon teknisist\u00e4 syist\u00e4 ja niit\u00e4 voidaan k\u00e4ytt\u00e4\u00e4 ja tallentaa tilastollisiin tarkoituksiin. Emme linkit\u00e4 k\u00e4ytt\u00f6tietoja henkil\u00f6tietoihinne.<\/p>\n\n\n\n<p>1.4 Rekister\u00f6intitiedot<\/p>\n\n\n\n<p>Kotisivujemme kaikkien ominaisuuksien k\u00e4ytt\u00e4miseen vaaditaan rekister\u00f6inti. Rekister\u00f6intitiedot ker\u00e4t\u00e4\u00e4n omalla vastuullanne ja k\u00e4ytet\u00e4\u00e4n m\u00e4\u00e4rittelem\u00e4\u00e4si tarkoitusta varten. (6 \u00a7: n 1 a GDPR)<\/p>\n\n\n\n<p>1.5 Tallentamisen kesto<\/p>\n\n\n\n<p>Tallennamme henkil\u00f6tietonne niiden k\u00e4ytt\u00f6tarkoituksen p\u00e4\u00e4ttymisen j\u00e4lkeen, vain niin kauan kuin laki vaatii (Verolains\u00e4\u00e4d\u00e4nt\u00f6)<\/p>\n\n\n\n<p>2.Teid\u00e4n oikeudet<\/p>\n\n\n\n<p>2.1 Tiedot<\/p>\n\n\n\n<p>Voitte pyyt\u00e4\u00e4 meilt\u00e4 tietoja siit\u00e4, olemmeko k\u00e4sitelleet teid\u00e4n henkil\u00f6tietoja ja mik\u00e4li teill\u00e4 on oikeus saada tietoja n\u00e4ist\u00e4 henkil\u00f6tiedoista ja muista, GDPR: n 15. artiklassa mainituista tiedoista.<\/p>\n\n\n\n<p>2.2 Oikeus oikaisuun<\/p>\n\n\n\n<p>Teill\u00e4 on oikeus korjata teihin liittyvi\u00e4 virheellisi\u00e4 henkil\u00f6tietoja, ja voitte pyyt\u00e4\u00e4 henkil\u00f6tietojen t\u00e4ydent\u00e4mist\u00e4, jos ne ovat ep\u00e4t\u00e4ydelliset artiklan 16 mukaisen GDPR: n mukaisesti.<\/p>\n\n\n\n<p>2.3 Oikeus peruuttamiseen<\/p>\n\n\n\n<p>Teill\u00e4 on oikeus vaatia, ett\u00e4 henkil\u00f6tietosi poistetaan v\u00e4litt\u00f6m\u00e4sti. Meid\u00e4n on t\u00e4ll\u00f6in poistettava ne heti, varsinkin jos jokin seuraavista syist\u00e4 p\u00e4tee:<\/p>\n\n\n\n<ul class=\"wp-block-list\">\n<li>Henkil\u00f6kohtaiset tiedot eiv\u00e4t ole en\u00e4\u00e4 tarpeellisia siin\u00e4 tarkoituksessa, joihin ne on ker\u00e4tty tai muulla tavoin k\u00e4sitelty.<\/li>\n\n\n\n<li>Kumoat suostumuksenne tietojenne k\u00e4sittelyyn ja k\u00e4sittelyyn ei ole muuta oikeusperustaa.<\/li>\n\n\n\n<li>Tietojanne k\u00e4siteltiin laittomasti.<br>Oikeutta poistaa tietoja ei ole olemassa, jos henkil\u00f6tietonne ovat velvollisia vaalimaan, k\u00e4ytt\u00e4m\u00e4\u00e4n tai puolustamaan laillisia oikeuksiamme.<\/li>\n<\/ul>\n\n\n\n<p>2.4 Oikeus k\u00e4sittelyn rajoittamiseen<\/p>\n\n\n\n<p>Teill\u00e4 on oikeus pyyt\u00e4\u00e4 meit\u00e4 rajoittamaan henkil\u00f6tietojenne k\u00e4sittely\u00e4, jos kiell\u00e4tte tietojen oikeellisuuden ja tarkistamme sen vuoksi tietojen oikeellisuuden, jos k\u00e4sittely on lainvastaista ja hylk\u00e4\u00e4tte sen poistamisen, ja haluattekin rajoittaa k\u00e4ytt\u00f6\u00e4; jos emme tarvitse tietoja mutta te tarvitsette niit\u00e4 puolustaaksenne oikeustoimia; jos olet vastustanut tietojesi k\u00e4sittely\u00e4, eik\u00e4 ole viel\u00e4 selv\u00e4\u00e4 ovatko oikeuden syyt painavammat kuin teid\u00e4n syynne.<\/p>\n\n\n\n<p>2.5 Oikeus tietojen siirrett\u00e4vyyteen<\/p>\n\n\n\n<p>Teill\u00e4 on oikeus saada henkil\u00f6kohtaiset tietonne, jotka toimitamme teille j\u00e4sennellyss\u00e4, yhteisess\u00e4 ja koneella luettavassa muodossa, ja teill\u00e4 on oikeus siirt\u00e4\u00e4 n\u00e4m\u00e4 tiedot toiselle henkil\u00f6lle ilman meid\u00e4n estelyit\u00e4, edellytt\u00e4en, ett\u00e4 k\u00e4sittely perustuu teid\u00e4n suostumukseenne tai sopimus ja k\u00e4sittely suoritetaan meille automatisoidulla menettelyll\u00e4.<\/p>\n\n\n\n<p>2.6 Peruuttamisoikeus<\/p>\n\n\n\n<p>Sik\u00e4li kuin henkil\u00f6tietojenne k\u00e4sittely perustuu suostumukseen, teill\u00e4 on oikeus peruuttaa t\u00e4m\u00e4 suostumus milloin tahansa.<\/p>\n\n\n\n<p>2.7 Yleist\u00e4 ja oikeus valittaa<\/p>\n\n\n\n<p>Edell\u00e4 mainittujen oikeuksien k\u00e4ytt\u00e4minen on periaatteessa maksutonta. Teill\u00e4 on oikeus ottaa yhteytt\u00e4 suoraan vastuussa olevaan valvontaviranomaiseen, valtion tietosuojavaltuutettuun, suoraan valitusten yhteydess\u00e4.<\/p>\n\n\n\n<p>3.Tietoturvallisuus<\/p>\n\n\n\n<p>3.1 Tietoturva<\/p>\n\n\n\n<p>Kaikki verkkosivustomme tiedot on suojattu teknisten ja organisatoristen toimenpiteiden avulla menetyksi\u00e4, tuhoutumista, sis\u00e4\u00e4n p\u00e4\u00e4sy\u00e4, muokkausta ja levitt\u00e4mist\u00e4 vastaan.<\/p>\n\n\n\n<p>3.2 Istunnot ja ev\u00e4steet<\/p>\n\n\n\n<p>Verkkosivuston k\u00e4ytt\u00f6\u00e4 varten voimme k\u00e4ytt\u00e4\u00e4 ev\u00e4steit\u00e4 tai palvelinpuolen istuntoja, joissa tietoja voidaan tallentaa. Ev\u00e4steet ovat tiedostoja, jotka on tallennettu sivun kiintolevylle automaattisesti kotisivujen toimesta ja jotka tunnistavat t\u00e4m\u00e4n tietokoneen seuraavan kerran, kun k\u00e4ytte sivustolla ja siten mukauttaa sivuston k\u00e4yt\u00f6n teille. Jotkut k\u00e4ytetyist\u00e4 ev\u00e4steist\u00e4 poistetaan selaussession p\u00e4\u00e4ttymisen j\u00e4lkeen. N\u00e4m\u00e4 ovat ns. Istunto-ev\u00e4steit\u00e4. Muut ev\u00e4steet pysyv\u00e4t laitteellasi ja sallivat selaimen tunnistuksen my\u00f6hemm\u00e4ss\u00e4 vierailussa verkkosivuillamme (pysyv\u00e4t ev\u00e4steet). Voit asettaa selaimen niin, ett\u00e4 saat ilmoituksen ev\u00e4steiden k\u00e4yt\u00f6st\u00e4 ja p\u00e4\u00e4tt\u00e4\u00e4 itse niiden hyv\u00e4ksymisest\u00e4 tai yleisesti sulkea pois ev\u00e4steiden erityistapaukset. Huomaa, ett\u00e4 et voi k\u00e4ytt\u00e4\u00e4 joitain t\u00e4m\u00e4n sivuston ominaisuuksia, jos ev\u00e4steet eiv\u00e4t ole k\u00e4yt\u00f6ss\u00e4. Varmistamme, ettei henkil\u00f6tietoja siirret\u00e4 istunnoista tai ev\u00e4steist\u00e4 ja ett\u00e4 ev\u00e4steit\u00e4 k\u00e4ytet\u00e4\u00e4n vain, jos t\u00e4m\u00e4 on teknisesti v\u00e4ltt\u00e4m\u00e4t\u00f6nt\u00e4 verkkosivustolle. (Art. 6 I p. 1 f GDPR).<\/p>\n\n\n\n<p>4.Uutiskirje<\/p>\n\n\n\n<p>Jos tilaat uutiskirjeemme, k\u00e4yt\u00e4mme tietojanne tai erikseen toimittamianne tietoja s\u00e4\u00e4nn\u00f6llisten uutiskirjeiden l\u00e4hett\u00e4miseen. Voit lopettaa uutiskirjeiden vastaanottamisen, milloin tahansa ja t\u00e4m\u00e4 voidaan tehd\u00e4, joko kirjoittamalla meille viesti tai uutiskirjeess\u00e4 olevan linkin avulla.<\/p>\n\n\n\n<p>5.Kommentit<\/p>\n\n\n\n<p>Jos k\u00e4yt\u00e4tte kommentointitoimintoa verkkosivustollamme, n\u00e4iden kommenttien lis\u00e4ksi tallennetaan luomisty\u00f6, valittu salanimi ja v\u00e4liaikaisesti my\u00f6s IP-osoite. N\u00e4in tehd\u00e4\u00e4n, jotta voimme suojella oikeuksiamme laittoman sis\u00e4ll\u00f6n tapauksessa.<\/p>\n\n\n\n<p>6.Kolmansien osapuolten tarjoamat palvelut<\/p>\n\n\n\n<p>6.1 Google Analytics<\/p>\n\n\n\n<p>T\u00e4m\u00e4 sivusto k\u00e4ytt\u00e4\u00e4 Google Analyticsi\u00e4 joka on webanalytiikka palvelu jonka Google tarjoaa (Google Inc. 1600 Amphitheatre Parkway, Mountain View, CA 94043), se ker\u00e4\u00e4 ja varastoi sivustoanalyysipalvelulla tietoja, joiden avulla salanimet ja k\u00e4ytt\u00e4j\u00e4profiilit luodaan. T\u00e4ll\u00e4 tavoin luotuja k\u00e4ytt\u00f6profiileja k\u00e4ytet\u00e4\u00e4n arvioimaan k\u00e4vij\u00e4n k\u00e4ytt\u00e4ytymist\u00e4 suunnitellakseen ja parantaakseen t\u00e4ll\u00e4 sivustolla esitetty\u00e4 tarjontaa tarpeen mukaan. Google Analytics k\u00e4ytt\u00e4\u00e4 niin kutsuttuja \u201cev\u00e4steit\u00e4\u201d, pieni\u00e4 tekstitiedostoja, jotka on tallennettu tietokoneeseen ja joiden avulla voi analysoida sivuston k\u00e4ytt\u00f6\u00e4. Ev\u00e4steest\u00e4 t\u00e4m\u00e4n sivuston k\u00e4ytt\u00f6\u00e4 koskevat tiedot l\u00e4hetet\u00e4\u00e4n yleens\u00e4 Yhdysvalloissa sijaitsevalle Google-palvelimelle ja s\u00e4ilytet\u00e4\u00e4n siell\u00e4. Kun kyseess\u00e4 on IP-osoitteen aktivoiminen nimett\u00f6m\u00e4ksi t\u00e4ll\u00e4 sivustolla, IP-osoite typistet\u00e4\u00e4n j\u00e4senvaltioissa Euroopan unionin tai muiden osapuolten sopimuksella Euroopan talousalueella. Ainoastaan \u200b\u200bpoikkeustapauksissa koko IP-osoite l\u00e4hetet\u00e4\u00e4n Googlen palvelimelle Yhdysvaltoihin ja lyhennet\u00e4\u00e4n siell\u00e4. Sivuston puolesta Google k\u00e4ytt\u00e4\u00e4 n\u00e4it\u00e4 tietoja arvioidakseen sivuston k\u00e4ytt\u00f6\u00e4, laatiakseen raportteja sivuston toiminnasta ja tarjoamalla muita palveluja sivuston yll\u00e4pit\u00e4jille. Osana Google Analyticsi\u00e4 IP-osoitettanne ei yhdistet\u00e4 muuhun Googlesta ker\u00e4ttyyn dataan. Salassapidosta hallinnoituja k\u00e4ytt\u00e4j\u00e4profiileja ei my\u00f6sk\u00e4\u00e4n yhdistet\u00e4 k\u00e4ytt\u00e4j\u00e4n henkil\u00f6kohtaisiin tietoihin ilman k\u00e4ytt\u00e4j\u00e4n nimenomaista ja erikseen ilmoitettua suostumusta. (Art. 6 I S. 1 f GDPR). Voitte est\u00e4\u00e4 ev\u00e4steiden tallentamisen selainohjelmiston asetusten avulla. Huomaa kuitenkin, ett\u00e4 jos teette t\u00e4m\u00e4n, ette ehk\u00e4 voi k\u00e4ytt\u00e4\u00e4 kaikkia t\u00e4m\u00e4n sivuston ominaisuuksia mahdollisimman hyvin. Lis\u00e4ksi voitte est\u00e4\u00e4 Googlen ker\u00e4\u00e4m\u00e4n ev\u00e4steen tuottamat tiedot, jotka liittyv\u00e4t sivuston k\u00e4ytt\u00f6\u00f6n (mukaan lukien IP-osoite) sek\u00e4 n\u00e4iden tietojen k\u00e4sittelyst\u00e4 Googlessa k\u00e4ytt\u00e4m\u00e4ll\u00e4 seuraavaa linkki\u00e4: (http:\/\/tools.google.com\/dlpage\/gaoptout?hl=de) ja asenna.<\/p>\n\n\n\n<p>Googlen yksityisyyssuoja l\u00f6ytyy t\u00e4\u00e4lt\u00e4: http:\/\/www.google.de\/intl\/fi\/policies\/privacy\/ .<\/p>\n\n\n\n<p>Lis\u00e4tietoja k\u00e4ytt\u00f6ehdoista ja yksityisyyden suoja: https:\/\/www.google.com\/analytics\/terms\/fi.html tai https:\/\/support.google.com\/analytics\/answer\/6004245?hl=fi<\/p>\n\n\n\n<p>Korostamme, ett\u00e4 t\u00e4ll\u00e4 sivustolla laajennettiin, Google Analytics -koodi \u201canonymizeIp\u201d nimett\u00f6m\u00e4n kokoelman IP-osoitteet (ns. IP-maskaus).<\/p>\n\n\n\n<p>6.2 Sosiaalisen median linkit<\/p>\n\n\n\n<p>Meid\u00e4n sivuilta on p\u00e4\u00e4sy linkkien kautta kolmannen osapuolen tarjoamille sosiaalisen median sivuillemme. K\u00e4ytt\u00e4m\u00e4ll\u00e4 linkkej\u00e4 ne viev\u00e4t teid\u00e4t kolmansien osapuolten omille sivustoille (esimerkiksi. Facebook, Twitter, Google+, Vimeo, Instagram). Kun olette siirtynyt kolmannen osapuolen sivustolle, kolmas osapuoli on vastuussa kunkin kolmannen osapuolen sivustolla tapahtuvista asioista, tarkasta niiden tietosuojalausunnot ja niiden selvitykset tietojen k\u00e4yt\u00f6st\u00e4. Emme voi vaikuttaa, mutta suosittelemme v\u00e4ltt\u00e4m\u00e4\u00e4n tarpeetonta tiedonsiirtoa ennen kolmansien osapuolien sivustoille siirtymist\u00e4 ja suosittelemme kirjautumaan ulos profiileistanne, jottei synny linkkej\u00e4 meid\u00e4n ja kolmansien osapuolten sivujen v\u00e4lille tietojenne osalta.<\/p>\n\n\n\n<p>6.3 Google Mapsin k\u00e4ytt\u00f6<\/p>\n\n\n\n<p>T\u00e4m\u00e4 sivusto k\u00e4ytt\u00e4\u00e4 Google Mapsia, Googlen karttapalvelu, jonka toiminnasta vastaa Google Inc. 1600 Amphitheatre Parkway, Mountain View, CA 94043, USA (\u201cGoogle\u201d). Kun Google Mapsia k\u00e4ytet\u00e4\u00e4n, Google Maps ker\u00e4\u00e4 tietoja verkkosivuista, ja niit\u00e4 k\u00e4sitell\u00e4\u00e4n ja k\u00e4ytet\u00e4\u00e4n. T\u00e4t\u00e4 varten ker\u00e4\u00e4mme vain tiedot joita t\u00e4m\u00e4 k\u00e4ytt\u00f6tarkoitus vaatii. \u200b\u200b(Art. 6 I S. 1 f DSGVO). Googlen Yksityisyyden suojatiedot l\u00f6ytyv\u00e4t t\u00e4\u00e4lt\u00e4: http:\/\/www.google.de\/intl\/de\/policies\/privacy\/ .<\/p>\n\n\n\n<p>Muita vinkkej\u00e4 Google Mapsiin liittyen: http:\/\/www.google.com\/intl\/de_de\/help\/terms_maps.html<\/p>\n\n\n\n<p>6.4 Youtube-k\u00e4ytt\u00f6<\/p>\n\n\n\n<p>T\u00e4m\u00e4 sivusto ja integroidut tarjoukset k\u00e4ytt\u00e4v\u00e4t niin kutsuttua videoiden upottamista YouTubesta. N\u00e4m\u00e4 mahdollistavat yhteyden YouTubeen ja videoita tallennetaan sinne. YouTube on Googlen palvelu (Google Inc. 1600 Amphitheatre Parkway, Mountain View, CA 94043, USA ) T\u00e4t\u00e4 varten ker\u00e4\u00e4mme vain tiedot joita t\u00e4m\u00e4 k\u00e4ytt\u00f6tarkoitus vaatii. (Art. 6 I S. 1 f GDPR). Katso Googlen tietosuojak\u00e4yt\u00e4nt\u00f6 Googlen tietojen ker\u00e4\u00e4misest\u00e4 ja k\u00e4yt\u00f6n sek\u00e4 oikeuksiesi ja asetuksiesi suojaamiseksi YouTuben asiakkaana. N\u00e4m\u00e4 l\u00f6ytyv\u00e4t osoitteesta: http:\/\/www.youtube.com\/t\/privacy\/<\/p>\n\n\n\n<p>6.5 Affiliate-linkit ja mainonta<\/p>\n\n\n\n<p>Sijoitamme sivuillamme kumppaneiden mainoksia tai bannereita tietyille kolmannen osapuolen tarjoajille. N\u00e4iden linkkien \/ bannereiden avulla tuotamme tuloja (mainoskulut palautetaan), jos t\u00e4t\u00e4 linkki\u00e4 \/ banneria k\u00e4ytet\u00e4\u00e4n ostettaessa asianomaiselta kolmannelta osapuolelta. Kolmannen osapuolen tarjoaja voi k\u00e4ytt\u00e4\u00e4 ev\u00e4steit\u00e4 voidakseen etsi\u00e4 tilauksen alkuper\u00e4n tai sivuston. T\u00e4ll\u00e4 ei kuitenkaan ole vaikutusta verkkosivustomme k\u00e4ytt\u00f6\u00f6n, eik\u00e4 se ole erityisesti ostositoumus. N\u00e4ytetyt kumppanuus- ja mainoslinkit tai bannerit voivat toimia vain oston helpottamiseksi. Lis\u00e4ksi sovelletaan kolmannen osapuolen tarjoajien tietosuojas\u00e4\u00e4nn\u00f6ksi\u00e4.<\/p>\n\n\n\n<p>6.6 Google Web -fontit<\/p>\n\n\n\n<p>Lis\u00e4ksi k\u00e4yt\u00e4mme niin kutsuttuja Web-fontteja Googlelta, jotta voimme n\u00e4ytt\u00e4\u00e4 verkkosivustollamme yhten\u00e4isen fontin. N\u00e4m\u00e4 tallennetaan automaattisesti selaimen v\u00e4limuistiin, kun otat jonkin sivun halutun n\u00e4kym\u00e4n k\u00e4ytt\u00f6\u00f6n. Jos selaimesi ei tue k\u00e4ytettyj\u00e4 Web-fontteja, tietokoneellasi voidaan k\u00e4ytt\u00e4\u00e4 tavallista fonttia. T\u00e4t\u00e4 varten ker\u00e4\u00e4mme vain tiedot joita t\u00e4m\u00e4 k\u00e4ytt\u00f6tarkoitus vaatii. (Art. 6 I S. 1 f GDPR).<\/p>\n\n\n\n<p>Googlen tietosuojak\u00e4yt\u00e4nt\u00f6\u00e4 voi tarkastella t\u00e4\u00e4ll\u00e4: https:\/\/www.google.com\/policies\/privacy\/ Lis\u00e4tietoja Googlen WEB-fonteista, katso https:\/\/developers.google.com\/fonts\/faq<\/p>\n","protected":false},"excerpt":{"rendered":"<p>Salofilmi T\u00e4m\u00e4n sivun verkko-osoite on: https:\/\/www.salofilmi.fi. 1.Yleistietoa 1.1 Mit\u00e4 ovat henkil\u00f6kohtaiset tiedot? Henkil\u00f6kohtaiset tiedot ovat tietoja, jotka paljastavat k\u00e4ytt\u00e4j\u00e4n identiteetin tai voivat paljastaa sen. Noudatamme [&hellip;]<\/p>\n","protected":false},"author":1,"featured_media":0,"parent":0,"menu_order":0,"comment_status":"closed","ping_status":"open","template":"","meta":{"footnotes":""},"class_list":["post-3","page","type-page","status-publish","hentry"],"jetpack_sharing_enabled":true,"_links":{"self":[{"href":"https:\/\/www.salofilmi.fi\/index.php\/wp-json\/wp\/v2\/pages\/3","targetHints":{"allow":["GET"]}}],"collection":[{"href":"https:\/\/www.salofilmi.fi\/index.php\/wp-json\/wp\/v2\/pages"}],"about":[{"href":"https:\/\/www.salofilmi.fi\/index.php\/wp-json\/wp\/v2\/types\/page"}],"author":[{"embeddable":true,"href":"https:\/\/www.salofilmi.fi\/index.php\/wp-json\/wp\/v2\/users\/1"}],"replies":[{"embeddable":true,"href":"https:\/\/www.salofilmi.fi\/index.php\/wp-json\/wp\/v2\/comments?post=3"}],"version-history":[{"count":2,"href":"https:\/\/www.salofilmi.fi\/index.php\/wp-json\/wp\/v2\/pages\/3\/revisions"}],"predecessor-version":[{"id":71,"href":"https:\/\/www.salofilmi.fi\/index.php\/wp-json\/wp\/v2\/pages\/3\/revisions\/71"}],"wp:attachment":[{"href":"https:\/\/www.salofilmi.fi\/index.php\/wp-json\/wp\/v2\/media?parent=3"}],"curies":[{"name":"wp","href":"https:\/\/api.w.org\/{rel}","templated":true}]}}